{"id":7687,"date":"2024-02-14T07:58:37","date_gmt":"2024-02-14T07:58:37","guid":{"rendered":"https:\/\/carsten.qodeinteractive.com\/?page_id=7687"},"modified":"2025-11-25T11:35:57","modified_gmt":"2025-11-25T11:35:57","slug":"ano-petali-sifnos","status":"publish","type":"page","link":"https:\/\/florageronti.com\/fr\/ano-petali-sifnos\/","title":{"rendered":"Emplacement"},"content":{"rendered":"<div data-elementor-type=\"wp-page\" data-elementor-id=\"7687\" class=\"elementor elementor-7687\">\n\t\t\t\t<div class=\"elementor-element elementor-element-6a8ec61 e-con-full e-flex e-con e-parent\" data-id=\"6a8ec61\" data-element_type=\"container\" data-e-type=\"container\" data-settings=\"{&quot;background_background&quot;:&quot;classic&quot;}\">\n\t\t\t\t<div class=\"elementor-element elementor-element-ac01d81 elementor-widget elementor-widget-google_maps\" data-id=\"ac01d81\" data-element_type=\"widget\" data-e-type=\"widget\" data-widget_type=\"google_maps.default\">\n\t\t\t\t\t\t\t<div class=\"elementor-custom-embed\">\n\t\t\t<iframe loading=\"lazy\"\n\t\t\t\t\tsrc=\"https:\/\/maps.google.com\/maps?q=Ano%20petali%2C%20Sifnos%2C%20Greece-%20Flora%20geronti&#038;t=m&#038;z=12&#038;output=embed&#038;iwloc=near\"\n\t\t\t\t\ttitle=\"Ano petali, Sifnos, Greece- Flora geronti\"\n\t\t\t\t\taria-label=\"Ano petali, Sifnos, Greece- Flora geronti\"\n\t\t\t><\/iframe>\n\t\t<\/div>\n\t\t\t\t\t\t<\/div>\n\t\t\t\t<\/div>\n\t\t<div class=\"elementor-element elementor-element-8deddde e-con-full e-flex e-con e-parent\" data-id=\"8deddde\" data-element_type=\"container\" data-e-type=\"container\">\n\t\t<div class=\"elementor-element elementor-element-863318a e-con-full qodef-elementor-content-grid e-flex e-con e-child\" data-id=\"863318a\" data-element_type=\"container\" data-e-type=\"container\">\n\t\t\t\t<div class=\"elementor-element elementor-element-c9c8699 elementor-widget__width-initial elementor-widget elementor-widget-carsten_core_section_title\" data-id=\"c9c8699\" data-element_type=\"widget\" data-e-type=\"widget\" data-widget_type=\"carsten_core_section_title.default\">\n\t\t\t\t<div class=\"elementor-widget-container\">\n\t\t\t\t\t<div class=\"qodef-shortcode qodef-m qodef-section-title qodef-alignment--center\">\n\t\t<h2 class=\"qodef-m-title\" style=\"text-transform: uppercase\">\n\t\t\t\t\tEMPLACEMENT SIFNOS\t\t\t<\/h2>\n\t\t<p class=\"qodef-m-subtitle\" style=\"margin-top: 12px\">Ano Petali<\/p>\n\t\t<p class=\"qodef-m-text\" >Situ\u00e9e sur une petite colline \u00e0 Ano Petali, la maison d'h\u00f4tes Flora Geronti se trouve \u00e0 seulement cinq minutes \u00e0 pied d'Apollonia et \u00e0 quinze minutes d'Artemonas, reli\u00e9es par un magnifique sentier en pierre entre les deux villages.\nDe l\u00e0, vous pouvez facilement explorer l'\u00eele, \u00e0 pied ou en voiture, et revenir chaque soir pour profiter d'une vue paisible et du parfum du thym et du jasmin.\n\u00c0 quelques minutes en voiture, vous trouverez :\n- Les plages de Faros, Vathi et Platis Gialos\n- Les villages traditionnels d'Exambela et Kastro\n- Des sentiers qui serpentent \u00e0 travers les oliviers et les chapelles blanches\n- Des tavernes servant du rago\u00fbt de pois chiches, du mastelo et du vin local\nEn s\u00e9journant ici, vous \u00eates proche de tout, mais suffisamment \u00e9loign\u00e9 pour ressentir cette paix rare que seul Sifnos peut offrir.\n<\/p>\n<\/div>\n\t\t\t\t<\/div>\n\t\t\t\t<\/div>\n\t\t\t\t<\/div>\n\t\t\t\t<\/div>\n\t\t<div class=\"elementor-element elementor-element-8a9c1f5 e-flex e-con-boxed e-con e-parent\" data-id=\"8a9c1f5\" data-element_type=\"container\" data-e-type=\"container\">\n\t\t\t\t\t<div class=\"e-con-inner\">\n\t\t<div class=\"elementor-element elementor-element-5d0182f e-con-full e-flex e-con e-child\" data-id=\"5d0182f\" data-element_type=\"container\" data-e-type=\"container\">\n\t\t\t\t<div class=\"elementor-element elementor-element-108d8de elementor-widget elementor-widget-carsten_core_banner\" data-id=\"108d8de\" data-element_type=\"widget\" data-e-type=\"widget\" data-widget_type=\"carsten_core_banner.default\">\n\t\t\t\t<div class=\"elementor-widget-container\">\n\t\t\t\t\t<div class=\"qodef-shortcode qodef-m qodef-banner qodef-layout--centered\" >\n\t<div class=\"qodef-m-image\">\n\t<img fetchpriority=\"high\" decoding=\"async\" width=\"1920\" height=\"1280\" src=\"https:\/\/florageronti.com\/wp-content\/uploads\/2025\/11\/Ano-Petali_Sifnos.webp\" class=\"attachment-full size-full\" alt=\"\" srcset=\"https:\/\/florageronti.com\/wp-content\/uploads\/2025\/11\/Ano-Petali_Sifnos.webp 1920w, https:\/\/florageronti.com\/wp-content\/uploads\/2025\/11\/Ano-Petali_Sifnos-300x200.webp 300w, https:\/\/florageronti.com\/wp-content\/uploads\/2025\/11\/Ano-Petali_Sifnos-1024x683.webp 1024w, https:\/\/florageronti.com\/wp-content\/uploads\/2025\/11\/Ano-Petali_Sifnos-768x512.webp 768w, https:\/\/florageronti.com\/wp-content\/uploads\/2025\/11\/Ano-Petali_Sifnos-1536x1024.webp 1536w, https:\/\/florageronti.com\/wp-content\/uploads\/2025\/11\/Ano-Petali_Sifnos-600x400.webp 600w\" sizes=\"(max-width: 1920px) 100vw, 1920px\" \/><\/div>\n\t<div class=\"qodef-m-content\">\n\t\t<div class=\"qodef-m-content-inner\">\n\t\t\t\t\t\t\t<h4 class=\"qodef-m-title\" >\n\t\tAno petali\t<\/h4>\n\t\t\t\t\t<\/div>\n\t<\/div>\n\t<a itemprop=\"url\" href=\"https:\/\/maps.app.goo.gl\/mTeDfzSCeSiAJt7f6\" class=\"qodef-m-banner-link\" target=\"_self\"><\/a>\n\n<\/div>\n\t\t\t\t<\/div>\n\t\t\t\t<\/div>\n\t\t\t\t<\/div>\n\t\t<div class=\"elementor-element elementor-element-eae8e47 e-con-full e-flex e-con e-child\" data-id=\"eae8e47\" data-element_type=\"container\" data-e-type=\"container\">\n\t\t\t\t<div class=\"elementor-element elementor-element-cc7ecce elementor-widget elementor-widget-carsten_core_banner\" data-id=\"cc7ecce\" data-element_type=\"widget\" data-e-type=\"widget\" data-widget_type=\"carsten_core_banner.default\">\n\t\t\t\t<div class=\"elementor-widget-container\">\n\t\t\t\t\t<div class=\"qodef-shortcode qodef-m qodef-banner qodef-layout--centered\" >\n\t<div class=\"qodef-m-image\">\n\t<img decoding=\"async\" width=\"1920\" height=\"1280\" src=\"https:\/\/florageronti.com\/wp-content\/uploads\/2025\/11\/Ano-Petali_Sifnos2.webp\" class=\"attachment-full size-full\" alt=\"\" srcset=\"https:\/\/florageronti.com\/wp-content\/uploads\/2025\/11\/Ano-Petali_Sifnos2.webp 1920w, https:\/\/florageronti.com\/wp-content\/uploads\/2025\/11\/Ano-Petali_Sifnos2-300x200.webp 300w, https:\/\/florageronti.com\/wp-content\/uploads\/2025\/11\/Ano-Petali_Sifnos2-1024x683.webp 1024w, https:\/\/florageronti.com\/wp-content\/uploads\/2025\/11\/Ano-Petali_Sifnos2-768x512.webp 768w, https:\/\/florageronti.com\/wp-content\/uploads\/2025\/11\/Ano-Petali_Sifnos2-1536x1024.webp 1536w, https:\/\/florageronti.com\/wp-content\/uploads\/2025\/11\/Ano-Petali_Sifnos2-600x400.webp 600w\" sizes=\"(max-width: 1920px) 100vw, 1920px\" \/><\/div>\n\t<div class=\"qodef-m-content\">\n\t\t<div class=\"qodef-m-content-inner\">\n\t\t\t\t\t\t\t<h4 class=\"qodef-m-title\" >\n\t\tAno Petali\t<\/h4>\n\t\t\t\t\t<\/div>\n\t<\/div>\n\t<a itemprop=\"url\" href=\"https:\/\/maps.app.goo.gl\/3rMigjcUw6RcpBiV6\" class=\"qodef-m-banner-link\" target=\"_self\"><\/a>\n\n<\/div>\n\t\t\t\t<\/div>\n\t\t\t\t<\/div>\n\t\t\t\t<\/div>\n\t\t\t\t\t<\/div>\n\t\t\t\t<\/div>\n\t\t<div class=\"elementor-element elementor-element-b2bbaf8 e-flex e-con-boxed e-con e-parent\" data-id=\"b2bbaf8\" data-element_type=\"container\" data-e-type=\"container\">\n\t\t\t\t\t<div class=\"e-con-inner\">\n\t\t\t\t<div class=\"elementor-element elementor-element-1b92eb0 elementor-widget elementor-widget-spacer\" data-id=\"1b92eb0\" data-element_type=\"widget\" data-e-type=\"widget\" data-widget_type=\"spacer.default\">\n\t\t\t\t\t\t\t<div class=\"elementor-spacer\">\n\t\t\t<div class=\"elementor-spacer-inner\"><\/div>\n\t\t<\/div>\n\t\t\t\t\t\t<\/div>\n\t\t\t\t\t<\/div>\n\t\t\t\t<\/div>\n\t\t<div class=\"elementor-element elementor-element-e6abf9e e-con-full e-flex e-con e-parent\" data-id=\"e6abf9e\" data-element_type=\"container\" data-e-type=\"container\">\n\t\t<div class=\"elementor-element elementor-element-30c4229 e-con-full e-flex e-con e-child\" data-id=\"30c4229\" data-element_type=\"container\" data-e-type=\"container\">\n\t\t\t\t<div class=\"elementor-element elementor-element-9743599 elementor-widget elementor-widget-carsten_core_banner\" data-id=\"9743599\" data-element_type=\"widget\" data-e-type=\"widget\" data-widget_type=\"carsten_core_banner.default\">\n\t\t\t\t<div class=\"elementor-widget-container\">\n\t\t\t\t\t<div class=\"qodef-shortcode qodef-m qodef-banner qodef-layout--centered\" >\n\t<div class=\"qodef-m-image\">\n\t<img decoding=\"async\" width=\"1280\" height=\"820\" src=\"https:\/\/florageronti.com\/wp-content\/uploads\/2025\/11\/Sifnos.webp\" class=\"attachment-full size-full\" alt=\"\" srcset=\"https:\/\/florageronti.com\/wp-content\/uploads\/2025\/11\/Sifnos.webp 1280w, https:\/\/florageronti.com\/wp-content\/uploads\/2025\/11\/Sifnos-300x192.webp 300w, https:\/\/florageronti.com\/wp-content\/uploads\/2025\/11\/Sifnos-1024x656.webp 1024w, https:\/\/florageronti.com\/wp-content\/uploads\/2025\/11\/Sifnos-768x492.webp 768w, https:\/\/florageronti.com\/wp-content\/uploads\/2025\/11\/Sifnos-600x384.webp 600w\" sizes=\"(max-width: 1280px) 100vw, 1280px\" \/><\/div>\n\t<div class=\"qodef-m-content\">\n\t\t<div class=\"qodef-m-content-inner\">\n\t\t\t\t\t\t\t<h4 class=\"qodef-m-title\" >\n\t\tChrisopigi\t<\/h4>\n\t\t\t\t\t<\/div>\n\t<\/div>\n\t<a itemprop=\"url\" href=\"https:\/\/maps.app.goo.gl\/qygXbF47BqQzRjtRA\" class=\"qodef-m-banner-link\" target=\"_self\"><\/a>\n\n<\/div>\n\t\t\t\t<\/div>\n\t\t\t\t<\/div>\n\t\t\t\t<\/div>\n\t\t<div class=\"elementor-element elementor-element-03531fa e-con-full e-flex e-con e-child\" data-id=\"03531fa\" data-element_type=\"container\" data-e-type=\"container\">\n\t\t\t\t<div class=\"elementor-element elementor-element-265fa86 elementor-widget elementor-widget-carsten_core_banner\" data-id=\"265fa86\" data-element_type=\"widget\" data-e-type=\"widget\" data-widget_type=\"carsten_core_banner.default\">\n\t\t\t\t<div class=\"elementor-widget-container\">\n\t\t\t\t\t<div class=\"qodef-shortcode qodef-m qodef-banner qodef-layout--centered\" >\n\t<div class=\"qodef-m-image\">\n\t<img loading=\"lazy\" decoding=\"async\" width=\"1280\" height=\"820\" src=\"https:\/\/florageronti.com\/wp-content\/uploads\/2025\/11\/Sifnos1.webp\" class=\"attachment-full size-full\" alt=\"\" srcset=\"https:\/\/florageronti.com\/wp-content\/uploads\/2025\/11\/Sifnos1.webp 1280w, https:\/\/florageronti.com\/wp-content\/uploads\/2025\/11\/Sifnos1-300x192.webp 300w, https:\/\/florageronti.com\/wp-content\/uploads\/2025\/11\/Sifnos1-1024x656.webp 1024w, https:\/\/florageronti.com\/wp-content\/uploads\/2025\/11\/Sifnos1-768x492.webp 768w, https:\/\/florageronti.com\/wp-content\/uploads\/2025\/11\/Sifnos1-600x384.webp 600w\" sizes=\"(max-width: 1280px) 100vw, 1280px\" \/><\/div>\n\t<div class=\"qodef-m-content\">\n\t\t<div class=\"qodef-m-content-inner\">\n\t\t\t\t\t\t\t<h4 class=\"qodef-m-title\" >\n\t\tSeralia\t<\/h4>\n\t\t\t\t\t<\/div>\n\t<\/div>\n\t<a itemprop=\"url\" href=\"https:\/\/maps.app.goo.gl\/48vcJRdacVeVVSvz9\" class=\"qodef-m-banner-link\" target=\"_self\"><\/a>\n\n<\/div>\n\t\t\t\t<\/div>\n\t\t\t\t<\/div>\n\t\t\t\t<\/div>\n\t\t\t\t<\/div>\n\t\t<div class=\"elementor-element elementor-element-36586ec e-con-full e-flex e-con e-parent\" data-id=\"36586ec\" data-element_type=\"container\" data-e-type=\"container\">\n\t\t<div class=\"elementor-element elementor-element-f6eae5a e-con-full e-flex e-con e-child\" data-id=\"f6eae5a\" data-element_type=\"container\" data-e-type=\"container\">\n\t\t\t\t<div class=\"elementor-element elementor-element-4928851 elementor-widget elementor-widget-carsten_core_banner\" data-id=\"4928851\" data-element_type=\"widget\" data-e-type=\"widget\" data-widget_type=\"carsten_core_banner.default\">\n\t\t\t\t<div class=\"elementor-widget-container\">\n\t\t\t\t\t<div class=\"qodef-shortcode qodef-m qodef-banner qodef-layout--centered\" >\n\t<div class=\"qodef-m-image\">\n\t<img loading=\"lazy\" decoding=\"async\" width=\"1280\" height=\"820\" src=\"https:\/\/florageronti.com\/wp-content\/uploads\/2025\/11\/Sifnos2.webp\" class=\"attachment-full size-full\" alt=\"\" srcset=\"https:\/\/florageronti.com\/wp-content\/uploads\/2025\/11\/Sifnos2.webp 1280w, https:\/\/florageronti.com\/wp-content\/uploads\/2025\/11\/Sifnos2-300x192.webp 300w, https:\/\/florageronti.com\/wp-content\/uploads\/2025\/11\/Sifnos2-1024x656.webp 1024w, https:\/\/florageronti.com\/wp-content\/uploads\/2025\/11\/Sifnos2-768x492.webp 768w, https:\/\/florageronti.com\/wp-content\/uploads\/2025\/11\/Sifnos2-600x384.webp 600w\" sizes=\"(max-width: 1280px) 100vw, 1280px\" \/><\/div>\n\t<div class=\"qodef-m-content\">\n\t\t<div class=\"qodef-m-content-inner\">\n\t\t\t\t\t\t\t<h4 class=\"qodef-m-title\" >\n\t\tVathi\t<\/h4>\n\t\t\t\t\t<\/div>\n\t<\/div>\n\t<a itemprop=\"url\" href=\"https:\/\/maps.app.goo.gl\/mTeDfzSCeSiAJt7f6\" class=\"qodef-m-banner-link\" target=\"_self\"><\/a>\n\n<\/div>\n\t\t\t\t<\/div>\n\t\t\t\t<\/div>\n\t\t\t\t<\/div>\n\t\t<div class=\"elementor-element elementor-element-33436d1 e-con-full e-flex e-con e-child\" data-id=\"33436d1\" data-element_type=\"container\" data-e-type=\"container\">\n\t\t\t\t<div class=\"elementor-element elementor-element-7746881 elementor-widget elementor-widget-carsten_core_banner\" data-id=\"7746881\" data-element_type=\"widget\" data-e-type=\"widget\" data-widget_type=\"carsten_core_banner.default\">\n\t\t\t\t<div class=\"elementor-widget-container\">\n\t\t\t\t\t<div class=\"qodef-shortcode qodef-m qodef-banner qodef-layout--centered\" >\n\t<div class=\"qodef-m-image\">\n\t<img loading=\"lazy\" decoding=\"async\" width=\"1280\" height=\"820\" src=\"https:\/\/florageronti.com\/wp-content\/uploads\/2025\/11\/Sifnos3.webp\" class=\"attachment-full size-full\" alt=\"\" srcset=\"https:\/\/florageronti.com\/wp-content\/uploads\/2025\/11\/Sifnos3.webp 1280w, https:\/\/florageronti.com\/wp-content\/uploads\/2025\/11\/Sifnos3-300x192.webp 300w, https:\/\/florageronti.com\/wp-content\/uploads\/2025\/11\/Sifnos3-1024x656.webp 1024w, https:\/\/florageronti.com\/wp-content\/uploads\/2025\/11\/Sifnos3-768x492.webp 768w, https:\/\/florageronti.com\/wp-content\/uploads\/2025\/11\/Sifnos3-600x384.webp 600w\" sizes=\"(max-width: 1280px) 100vw, 1280px\" \/><\/div>\n\t<div class=\"qodef-m-content\">\n\t\t<div class=\"qodef-m-content-inner\">\n\t\t\t\t\t\t\t<h4 class=\"qodef-m-title\" >\n\t\tSeven Witnesses\t<\/h4>\n\t\t\t\t\t<\/div>\n\t<\/div>\n\t<a itemprop=\"url\" href=\"https:\/\/maps.app.goo.gl\/6mNpK43k2zZP5Mf67\" class=\"qodef-m-banner-link\" target=\"_self\"><\/a>\n\n<\/div>\n\t\t\t\t<\/div>\n\t\t\t\t<\/div>\n\t\t\t\t<\/div>\n\t\t\t\t<\/div>\n\t\t\t\t<\/div>","protected":false},"excerpt":{"rendered":"<p>LOCATION SIFNOS Ano Petali Set on a small hill in Ano Petali, Flora Geronti Guesthouse is just a five-minute walk from Apollonia and fifteen from Artemonas, connected by a beautiful stone path between the two villages. From here, you can explore the island easily, on foot or by car, and return each evening to quiet [&hellip;]<\/p>\n","protected":false},"author":1,"featured_media":0,"parent":0,"menu_order":0,"comment_status":"closed","ping_status":"closed","template":"page-full-width.php","meta":{"rs_blank_template":"","rs_page_bg_color":"","slide_template_v7":"","footnotes":""},"class_list":["post-7687","page","type-page","status-publish","hentry"],"yoast_head":"<!-- This site is optimized with the Yoast SEO plugin v27.2 - https:\/\/yoast.com\/product\/yoast-seo-wordpress\/ -->\n<title>Location Sifnos: Discover the Beauty of Ano Petali - Official Web Site of Flora geronti<\/title>\n<meta name=\"description\" content=\"Explore the charm of Sifnos from Flora Geronti Guesthouse in Ano Petali, a perfect base for island adventures.\" \/>\n<meta name=\"robots\" content=\"index, follow, max-snippet:-1, max-image-preview:large, max-video-preview:-1\" \/>\n<link rel=\"canonical\" href=\"https:\/\/hotpink-bear-438615.hostingersite.com\/ano-petali-sifnos\/\" \/>\n<meta property=\"og:locale\" content=\"fr_FR\" \/>\n<meta property=\"og:type\" content=\"article\" \/>\n<meta property=\"og:title\" content=\"Location Sifnos: Discover the Beauty of Ano Petali - Official Web Site of Flora geronti\" \/>\n<meta property=\"og:description\" content=\"Explore the charm of Sifnos from Flora Geronti Guesthouse in Ano Petali, a perfect base for island adventures.\" \/>\n<meta property=\"og:url\" content=\"https:\/\/hotpink-bear-438615.hostingersite.com\/ano-petali-sifnos\/\" \/>\n<meta property=\"og:site_name\" content=\"Official Web Site of Flora geronti\" \/>\n<meta property=\"article:publisher\" content=\"https:\/\/www.facebook.com\/floragerontisifnos\" \/>\n<meta property=\"article:modified_time\" content=\"2025-11-25T11:35:57+00:00\" \/>\n<meta property=\"og:image\" content=\"https:\/\/hotpink-bear-438615.hostingersite.com\/wp-content\/uploads\/2025\/11\/Ano-Petali_Sifnos.webp\" \/>\n<meta name=\"twitter:card\" content=\"summary_large_image\" \/>\n<meta name=\"twitter:site\" content=\"@Instagram\" \/>\n<meta name=\"twitter:label1\" content=\"Dur\u00e9e de lecture estim\u00e9e\" \/>\n\t<meta name=\"twitter:data1\" content=\"2 minutes\" \/>\n<script type=\"application\/ld+json\" class=\"yoast-schema-graph\">{\"@context\":\"https:\/\/schema.org\",\"@graph\":[{\"@type\":\"WebPage\",\"@id\":\"https:\/\/hotpink-bear-438615.hostingersite.com\/ano-petali-sifnos\/\",\"url\":\"https:\/\/hotpink-bear-438615.hostingersite.com\/ano-petali-sifnos\/\",\"name\":\"Location Sifnos: Discover the Beauty of Ano Petali - Official Web Site of Flora geronti\",\"isPartOf\":{\"@id\":\"https:\/\/hotpink-bear-438615.hostingersite.com\/#website\"},\"primaryImageOfPage\":{\"@id\":\"https:\/\/hotpink-bear-438615.hostingersite.com\/ano-petali-sifnos\/#primaryimage\"},\"image\":{\"@id\":\"https:\/\/hotpink-bear-438615.hostingersite.com\/ano-petali-sifnos\/#primaryimage\"},\"thumbnailUrl\":\"https:\/\/florageronti.com\/wp-content\/uploads\/2025\/11\/Ano-Petali_Sifnos.webp\",\"datePublished\":\"2024-02-14T07:58:37+00:00\",\"dateModified\":\"2025-11-25T11:35:57+00:00\",\"description\":\"Explore the charm of Sifnos from Flora Geronti Guesthouse in Ano Petali, a perfect base for island adventures.\",\"breadcrumb\":{\"@id\":\"https:\/\/hotpink-bear-438615.hostingersite.com\/ano-petali-sifnos\/#breadcrumb\"},\"inLanguage\":\"fr-FR\",\"potentialAction\":[{\"@type\":\"ReadAction\",\"target\":[\"https:\/\/hotpink-bear-438615.hostingersite.com\/ano-petali-sifnos\/\"]}]},{\"@type\":\"ImageObject\",\"inLanguage\":\"fr-FR\",\"@id\":\"https:\/\/hotpink-bear-438615.hostingersite.com\/ano-petali-sifnos\/#primaryimage\",\"url\":\"https:\/\/florageronti.com\/wp-content\/uploads\/2025\/11\/Ano-Petali_Sifnos.webp\",\"contentUrl\":\"https:\/\/florageronti.com\/wp-content\/uploads\/2025\/11\/Ano-Petali_Sifnos.webp\"},{\"@type\":\"BreadcrumbList\",\"@id\":\"https:\/\/hotpink-bear-438615.hostingersite.com\/ano-petali-sifnos\/#breadcrumb\",\"itemListElement\":[{\"@type\":\"ListItem\",\"position\":1,\"name\":\"Home\",\"item\":\"https:\/\/florageronti.com\/\"},{\"@type\":\"ListItem\",\"position\":2,\"name\":\"Location\"}]},{\"@type\":\"WebSite\",\"@id\":\"https:\/\/hotpink-bear-438615.hostingersite.com\/#website\",\"url\":\"https:\/\/hotpink-bear-438615.hostingersite.com\/\",\"name\":\"Official Web Site of Flora geronti\",\"description\":\"Hotel Sifnos\",\"publisher\":{\"@id\":\"https:\/\/hotpink-bear-438615.hostingersite.com\/#organization\"},\"alternateName\":\"Hotel Sifnos\",\"potentialAction\":[{\"@type\":\"SearchAction\",\"target\":{\"@type\":\"EntryPoint\",\"urlTemplate\":\"https:\/\/hotpink-bear-438615.hostingersite.com\/?s={search_term_string}\"},\"query-input\":{\"@type\":\"PropertyValueSpecification\",\"valueRequired\":true,\"valueName\":\"search_term_string\"}}],\"inLanguage\":\"fr-FR\"},{\"@type\":\"Organization\",\"@id\":\"https:\/\/hotpink-bear-438615.hostingersite.com\/#organization\",\"name\":\"Official Web Site of Flora geronti\",\"alternateName\":\"Flora geronti Sifnos\",\"url\":\"https:\/\/hotpink-bear-438615.hostingersite.com\/\",\"logo\":{\"@type\":\"ImageObject\",\"inLanguage\":\"fr-FR\",\"@id\":\"https:\/\/hotpink-bear-438615.hostingersite.com\/#\/schema\/logo\/image\/\",\"url\":\"https:\/\/florageronti.com\/wp-content\/uploads\/2025\/11\/Logo-flora-geronti-Black.png\",\"contentUrl\":\"https:\/\/florageronti.com\/wp-content\/uploads\/2025\/11\/Logo-flora-geronti-Black.png\",\"width\":300,\"height\":64,\"caption\":\"Official Web Site of Flora geronti\"},\"image\":{\"@id\":\"https:\/\/hotpink-bear-438615.hostingersite.com\/#\/schema\/logo\/image\/\"},\"sameAs\":[\"https:\/\/www.facebook.com\/floragerontisifnos\",\"https:\/\/x.com\/Instagram\",\"https:\/\/www.instagram.com\/guesthouse_flora_geronti\/\"]}]}<\/script>\n<!-- \/ Yoast SEO plugin. -->","yoast_head_json":{"title":"Location Sifnos: Discover the Beauty of Ano Petali - Official Web Site of Flora geronti","description":"Explore the charm of Sifnos from Flora Geronti Guesthouse in Ano Petali, a perfect base for island adventures.","robots":{"index":"index","follow":"follow","max-snippet":"max-snippet:-1","max-image-preview":"max-image-preview:large","max-video-preview":"max-video-preview:-1"},"canonical":"https:\/\/hotpink-bear-438615.hostingersite.com\/ano-petali-sifnos\/","og_locale":"fr_FR","og_type":"article","og_title":"Location Sifnos: Discover the Beauty of Ano Petali - Official Web Site of Flora geronti","og_description":"Explore the charm of Sifnos from Flora Geronti Guesthouse in Ano Petali, a perfect base for island adventures.","og_url":"https:\/\/hotpink-bear-438615.hostingersite.com\/ano-petali-sifnos\/","og_site_name":"Official Web Site of Flora geronti","article_publisher":"https:\/\/www.facebook.com\/floragerontisifnos","article_modified_time":"2025-11-25T11:35:57+00:00","og_image":[{"url":"https:\/\/hotpink-bear-438615.hostingersite.com\/wp-content\/uploads\/2025\/11\/Ano-Petali_Sifnos.webp","type":"","width":"","height":""}],"twitter_card":"summary_large_image","twitter_site":"@Instagram","twitter_misc":{"Dur\u00e9e de lecture estim\u00e9e":"2 minutes"},"schema":{"@context":"https:\/\/schema.org","@graph":[{"@type":"WebPage","@id":"https:\/\/hotpink-bear-438615.hostingersite.com\/ano-petali-sifnos\/","url":"https:\/\/hotpink-bear-438615.hostingersite.com\/ano-petali-sifnos\/","name":"Location Sifnos: Discover the Beauty of Ano Petali - Official Web Site of Flora geronti","isPartOf":{"@id":"https:\/\/hotpink-bear-438615.hostingersite.com\/#website"},"primaryImageOfPage":{"@id":"https:\/\/hotpink-bear-438615.hostingersite.com\/ano-petali-sifnos\/#primaryimage"},"image":{"@id":"https:\/\/hotpink-bear-438615.hostingersite.com\/ano-petali-sifnos\/#primaryimage"},"thumbnailUrl":"https:\/\/florageronti.com\/wp-content\/uploads\/2025\/11\/Ano-Petali_Sifnos.webp","datePublished":"2024-02-14T07:58:37+00:00","dateModified":"2025-11-25T11:35:57+00:00","description":"Explore the charm of Sifnos from Flora Geronti Guesthouse in Ano Petali, a perfect base for island adventures.","breadcrumb":{"@id":"https:\/\/hotpink-bear-438615.hostingersite.com\/ano-petali-sifnos\/#breadcrumb"},"inLanguage":"fr-FR","potentialAction":[{"@type":"ReadAction","target":["https:\/\/hotpink-bear-438615.hostingersite.com\/ano-petali-sifnos\/"]}]},{"@type":"ImageObject","inLanguage":"fr-FR","@id":"https:\/\/hotpink-bear-438615.hostingersite.com\/ano-petali-sifnos\/#primaryimage","url":"https:\/\/florageronti.com\/wp-content\/uploads\/2025\/11\/Ano-Petali_Sifnos.webp","contentUrl":"https:\/\/florageronti.com\/wp-content\/uploads\/2025\/11\/Ano-Petali_Sifnos.webp"},{"@type":"BreadcrumbList","@id":"https:\/\/hotpink-bear-438615.hostingersite.com\/ano-petali-sifnos\/#breadcrumb","itemListElement":[{"@type":"ListItem","position":1,"name":"Home","item":"https:\/\/florageronti.com\/"},{"@type":"ListItem","position":2,"name":"Location"}]},{"@type":"WebSite","@id":"https:\/\/hotpink-bear-438615.hostingersite.com\/#website","url":"https:\/\/hotpink-bear-438615.hostingersite.com\/","name":"https:\/\/florageronti.com\/wp-content\/uploads\/2025\/11\/Logo-flora-geronti-White-1.png.webp","description":"Hotel Sifnos","publisher":{"@id":"https:\/\/hotpink-bear-438615.hostingersite.com\/#organization"},"alternateName":"Hotel Sifnos","potentialAction":[{"@type":"SearchAction","target":{"@type":"EntryPoint","urlTemplate":"https:\/\/hotpink-bear-438615.hostingersite.com\/?s={search_term_string}"},"query-input":{"@type":"PropertyValueSpecification","valueRequired":true,"valueName":"search_term_string"}}],"inLanguage":"fr-FR"},{"@type":"Organization","@id":"https:\/\/hotpink-bear-438615.hostingersite.com\/#organization","name":"https:\/\/florageronti.com\/wp-content\/uploads\/2025\/11\/Logo-flora-geronti-White-1.png.webp","alternateName":"Flora geronti Sifnos","url":"https:\/\/hotpink-bear-438615.hostingersite.com\/","logo":{"@type":"ImageObject","inLanguage":"fr-FR","@id":"https:\/\/hotpink-bear-438615.hostingersite.com\/#\/schema\/logo\/image\/","url":"https:\/\/florageronti.com\/wp-content\/uploads\/2025\/11\/Logo-flora-geronti-Black.png","contentUrl":"https:\/\/florageronti.com\/wp-content\/uploads\/2025\/11\/Logo-flora-geronti-Black.png","width":300,"height":64,"caption":"Official Web Site of Flora geronti"},"image":{"@id":"https:\/\/hotpink-bear-438615.hostingersite.com\/#\/schema\/logo\/image\/"},"sameAs":["https:\/\/www.facebook.com\/floragerontisifnos","https:\/\/x.com\/Instagram","https:\/\/www.instagram.com\/guesthouse_flora_geronti\/"]}]}},"_links":{"self":[{"href":"https:\/\/florageronti.com\/fr\/wp-json\/wp\/v2\/pages\/7687","targetHints":{"allow":["GET"]}}],"collection":[{"href":"https:\/\/florageronti.com\/fr\/wp-json\/wp\/v2\/pages"}],"about":[{"href":"https:\/\/florageronti.com\/fr\/wp-json\/wp\/v2\/types\/page"}],"author":[{"embeddable":true,"href":"https:\/\/florageronti.com\/fr\/wp-json\/wp\/v2\/users\/1"}],"replies":[{"embeddable":true,"href":"https:\/\/florageronti.com\/fr\/wp-json\/wp\/v2\/comments?post=7687"}],"version-history":[{"count":0,"href":"https:\/\/florageronti.com\/fr\/wp-json\/wp\/v2\/pages\/7687\/revisions"}],"wp:attachment":[{"href":"https:\/\/florageronti.com\/fr\/wp-json\/wp\/v2\/media?parent=7687"}],"curies":[{"name":"wp","href":"https:\/\/api.w.org\/{rel}","templated":true}]}}