{"id":3,"date":"2025-11-02T10:02:53","date_gmt":"2025-11-02T10:02:53","guid":{"rendered":"https:\/\/new-site.gr\/?page_id=3"},"modified":"2025-11-25T10:53:57","modified_gmt":"2025-11-25T10:53:57","slug":"privacy-policy-2","status":"publish","type":"page","link":"https:\/\/florageronti.com\/fr\/privacy-policy-2\/","title":{"rendered":"Privacy Policy"},"content":{"rendered":"<h2 class=\"wp-block-heading\">Qui sommes-nous ?<\/h2>\n\n\n\n<p><strong class=\"privacy-policy-tutorial\"> <\/strong>L'adresse de notre site web est : https:\/\/florageronti.com.<\/p>\n\n\n\n<h2 class=\"wp-block-heading\">Commentaires<\/h2>\n\n\n\n<p><strong class=\"privacy-policy-tutorial\"> <\/strong>Lorsque les visiteurs laissent des commentaires sur le site, nous collectons les donn\u00e9es indiqu\u00e9es dans le formulaire de commentaires, ainsi que l'adresse IP du visiteur et la cha\u00eene de l'agent utilisateur du navigateur afin de faciliter la d\u00e9tection des spams.<\/p>\n\n\n\n<p>Une cha\u00eene anonymis\u00e9e cr\u00e9\u00e9e \u00e0 partir de votre adresse e-mail (\u00e9galement appel\u00e9e \u00ab hash \u00bb) peut \u00eatre fournie au service Gravatar afin de v\u00e9rifier si vous l'utilisez. La politique de confidentialit\u00e9 du service Gravatar est disponible ici : https:\/\/automattic.com\/privacy\/. Une fois votre commentaire approuv\u00e9, votre photo de profil sera visible par le public dans le contexte de votre commentaire.<\/p>\n\n\n\n<h2 class=\"wp-block-heading\">M\u00e9dias<\/h2>\n\n\n\n<p><strong class=\"privacy-policy-tutorial\"> <\/strong>Si vous t\u00e9l\u00e9chargez des images sur le site Web, \u00e9vitez de t\u00e9l\u00e9charger des images contenant des donn\u00e9es de localisation int\u00e9gr\u00e9es (EXIF GPS). Les visiteurs du site Web peuvent t\u00e9l\u00e9charger et extraire toutes les donn\u00e9es de localisation des images pr\u00e9sentes sur le site Web.<\/p>\n\n\n\n<h2 class=\"wp-block-heading\">Cookies<\/h2>\n\n\n\n<p><strong class=\"privacy-policy-tutorial\"> <\/strong>Si vous laissez un commentaire sur notre site, vous pouvez choisir d'enregistrer votre nom, votre adresse e-mail et votre site web dans des cookies. Ceux-ci sont destin\u00e9s \u00e0 vous faciliter la t\u00e2che afin que vous n'ayez pas \u00e0 remplir \u00e0 nouveau vos coordonn\u00e9es lorsque vous laissez un autre commentaire. Ces cookies ont une dur\u00e9e de vie d'un an.<\/p>\n\n\n\n<p>Si vous visitez notre page de connexion, nous installerons un cookie temporaire afin de d\u00e9terminer si votre navigateur accepte les cookies. Ce cookie ne contient aucune donn\u00e9e personnelle et est supprim\u00e9 lorsque vous fermez votre navigateur.<\/p>\n\n\n\n<p>Lorsque vous vous connectez, nous installons \u00e9galement plusieurs cookies afin d'enregistrer vos informations de connexion et vos pr\u00e9f\u00e9rences d'affichage \u00e0 l'\u00e9cran. Les cookies de connexion ont une dur\u00e9e de vie de deux jours, tandis que les cookies relatifs aux options d'affichage ont une dur\u00e9e de vie d'un an. Si vous s\u00e9lectionnez \u00ab Se souvenir de moi \u00bb, votre connexion sera conserv\u00e9e pendant deux semaines. Si vous vous d\u00e9connectez de votre compte, les cookies de connexion seront supprim\u00e9s.<\/p>\n\n\n\n<p>Si vous modifiez ou publiez un article, un cookie suppl\u00e9mentaire sera enregistr\u00e9 dans votre navigateur. Ce cookie ne contient aucune donn\u00e9e personnelle et indique simplement l'identifiant de l'article que vous venez de modifier. Il expire apr\u00e8s 1 jour.<\/p>\n\n\n\n<h2 class=\"wp-block-heading\">Contenu int\u00e9gr\u00e9 provenant d'autres sites web<\/h2>\n\n\n\n<p><strong class=\"privacy-policy-tutorial\"> <\/strong>Les articles publi\u00e9s sur ce site peuvent inclure du contenu int\u00e9gr\u00e9 (par exemple, des vid\u00e9os, des images, des articles, etc.). Le contenu int\u00e9gr\u00e9 provenant d'autres sites web se comporte exactement de la m\u00eame mani\u00e8re que si le visiteur avait consult\u00e9 l'autre site web.<\/p>\n\n\n\n<p>Ces sites Web peuvent collecter des donn\u00e9es vous concernant, utiliser des cookies, int\u00e9grer des outils de suivi tiers suppl\u00e9mentaires et surveiller votre interaction avec ce contenu int\u00e9gr\u00e9, y compris suivre votre interaction avec le contenu int\u00e9gr\u00e9 si vous disposez d'un compte et \u00eates connect\u00e9 \u00e0 ce site Web.<\/p>\n\n\n\n<h2 class=\"wp-block-heading\">Avec qui partageons-nous vos donn\u00e9es ?<\/h2>\n\n\n\n<p><strong class=\"privacy-policy-tutorial\"> <\/strong>Si vous demandez une r\u00e9initialisation de mot de passe, votre adresse IP sera incluse dans l'e-mail de r\u00e9initialisation.<\/p>\n\n\n\n<h2 class=\"wp-block-heading\">Combien de temps conservons-nous vos donn\u00e9es ?<\/h2>\n\n\n\n<p><strong class=\"privacy-policy-tutorial\"> <\/strong>Si vous laissez un commentaire, celui-ci et ses m\u00e9tadonn\u00e9es sont conserv\u00e9s ind\u00e9finiment. Cela nous permet de reconna\u00eetre et d'approuver automatiquement les commentaires suivants, plut\u00f4t que de les placer dans une file d'attente de mod\u00e9ration.<\/p>\n\n\n\n<p>Pour les utilisateurs qui s'inscrivent sur notre site Web (le cas \u00e9ch\u00e9ant), nous conservons \u00e9galement les informations personnelles qu'ils fournissent dans leur profil d'utilisateur. Tous les utilisateurs peuvent consulter, modifier ou supprimer leurs informations personnelles \u00e0 tout moment (\u00e0 l'exception de leur nom d'utilisateur, qu'ils ne peuvent pas modifier). Les administrateurs du site Web peuvent \u00e9galement consulter et modifier ces informations.<\/p>\n\n\n\n<h2 class=\"wp-block-heading\">Quels sont vos droits sur vos donn\u00e9es ?<\/h2>\n\n\n\n<p><strong class=\"privacy-policy-tutorial\"> <\/strong>Si vous avez un compte sur ce site ou si vous avez laiss\u00e9 des commentaires, vous pouvez demander \u00e0 recevoir un fichier export\u00e9 contenant les donn\u00e9es personnelles que nous d\u00e9tenons \u00e0 votre sujet, y compris toutes les donn\u00e9es que vous nous avez fournies. Vous pouvez \u00e9galement demander que nous effacions toutes les donn\u00e9es personnelles que nous d\u00e9tenons \u00e0 votre sujet. Cela n'inclut pas les donn\u00e9es que nous sommes tenus de conserver \u00e0 des fins administratives, juridiques ou de s\u00e9curit\u00e9.<\/p>\n\n\n\n<h2 class=\"wp-block-heading\">O\u00f9 vos donn\u00e9es sont envoy\u00e9es<\/h2>\n\n\n\n<p><strong class=\"privacy-policy-tutorial\"> <\/strong>Les commentaires des visiteurs peuvent \u00eatre v\u00e9rifi\u00e9s par un service automatis\u00e9 de d\u00e9tection des spams.<\/p>","protected":false},"excerpt":{"rendered":"<p>Who we are Our website address is: https:\/\/florageronti.com. Comments When visitors leave comments on the site we collect the data shown in the comments form, and also the visitor\u2019s IP address and browser user agent string to help spam detection. An anonymized string created from your email address (also called a hash) may be provided [&hellip;]<\/p>\n","protected":false},"author":1,"featured_media":0,"parent":0,"menu_order":0,"comment_status":"closed","ping_status":"open","template":"","meta":{"rs_blank_template":"","rs_page_bg_color":"","slide_template_v7":"","footnotes":""},"class_list":["post-3","page","type-page","status-publish","hentry"],"yoast_head":"<!-- This site is optimized with the Yoast SEO plugin v27.2 - https:\/\/yoast.com\/product\/yoast-seo-wordpress\/ -->\n<title>Privacy Policy - Official Web Site of Flora geronti<\/title>\n<meta name=\"robots\" content=\"index, follow, max-snippet:-1, max-image-preview:large, max-video-preview:-1\" \/>\n<link rel=\"canonical\" href=\"https:\/\/hotpink-bear-438615.hostingersite.com\/privacy-policy-2\/\" \/>\n<meta property=\"og:locale\" content=\"fr_FR\" \/>\n<meta property=\"og:type\" content=\"article\" \/>\n<meta property=\"og:title\" content=\"Privacy Policy - Official Web Site of Flora geronti\" \/>\n<meta property=\"og:description\" content=\"Who we are Our website address is: https:\/\/florageronti.com. Comments When visitors leave comments on the site we collect the data shown in the comments form, and also the visitor\u2019s IP address and browser user agent string to help spam detection. An anonymized string created from your email address (also called a hash) may be provided [&hellip;]\" \/>\n<meta property=\"og:url\" content=\"https:\/\/hotpink-bear-438615.hostingersite.com\/privacy-policy-2\/\" \/>\n<meta property=\"og:site_name\" content=\"Official Web Site of Flora geronti\" \/>\n<meta property=\"article:publisher\" content=\"https:\/\/www.facebook.com\/floragerontisifnos\" \/>\n<meta property=\"article:modified_time\" content=\"2025-11-25T10:53:57+00:00\" \/>\n<meta property=\"og:image\" content=\"https:\/\/florageronti.com\/wp-content\/uploads\/2025\/11\/DSC01856.jpg\" \/>\n\t<meta property=\"og:image:width\" content=\"1920\" \/>\n\t<meta property=\"og:image:height\" content=\"1280\" \/>\n\t<meta property=\"og:image:type\" content=\"image\/jpeg\" \/>\n<meta name=\"twitter:card\" content=\"summary_large_image\" \/>\n<meta name=\"twitter:site\" content=\"@Instagram\" \/>\n<meta name=\"twitter:label1\" content=\"Dur\u00e9e de lecture estim\u00e9e\" \/>\n\t<meta name=\"twitter:data1\" content=\"3 minutes\" \/>\n<script type=\"application\/ld+json\" class=\"yoast-schema-graph\">{\"@context\":\"https:\/\/schema.org\",\"@graph\":[{\"@type\":\"WebPage\",\"@id\":\"https:\/\/hotpink-bear-438615.hostingersite.com\/privacy-policy-2\/\",\"url\":\"https:\/\/hotpink-bear-438615.hostingersite.com\/privacy-policy-2\/\",\"name\":\"Privacy Policy - Official Web Site of Flora geronti\",\"isPartOf\":{\"@id\":\"https:\/\/hotpink-bear-438615.hostingersite.com\/#website\"},\"datePublished\":\"2025-11-02T10:02:53+00:00\",\"dateModified\":\"2025-11-25T10:53:57+00:00\",\"breadcrumb\":{\"@id\":\"https:\/\/hotpink-bear-438615.hostingersite.com\/privacy-policy-2\/#breadcrumb\"},\"inLanguage\":\"fr-FR\",\"potentialAction\":[{\"@type\":\"ReadAction\",\"target\":[\"https:\/\/hotpink-bear-438615.hostingersite.com\/privacy-policy-2\/\"]}]},{\"@type\":\"BreadcrumbList\",\"@id\":\"https:\/\/hotpink-bear-438615.hostingersite.com\/privacy-policy-2\/#breadcrumb\",\"itemListElement\":[{\"@type\":\"ListItem\",\"position\":1,\"name\":\"Home\",\"item\":\"https:\/\/florageronti.com\/\"},{\"@type\":\"ListItem\",\"position\":2,\"name\":\"Privacy Policy\"}]},{\"@type\":\"WebSite\",\"@id\":\"https:\/\/hotpink-bear-438615.hostingersite.com\/#website\",\"url\":\"https:\/\/hotpink-bear-438615.hostingersite.com\/\",\"name\":\"Official Web Site of Flora geronti\",\"description\":\"Hotel Sifnos\",\"publisher\":{\"@id\":\"https:\/\/hotpink-bear-438615.hostingersite.com\/#organization\"},\"alternateName\":\"Hotel Sifnos\",\"potentialAction\":[{\"@type\":\"SearchAction\",\"target\":{\"@type\":\"EntryPoint\",\"urlTemplate\":\"https:\/\/hotpink-bear-438615.hostingersite.com\/?s={search_term_string}\"},\"query-input\":{\"@type\":\"PropertyValueSpecification\",\"valueRequired\":true,\"valueName\":\"search_term_string\"}}],\"inLanguage\":\"fr-FR\"},{\"@type\":\"Organization\",\"@id\":\"https:\/\/hotpink-bear-438615.hostingersite.com\/#organization\",\"name\":\"Official Web Site of Flora geronti\",\"alternateName\":\"Flora geronti Sifnos\",\"url\":\"https:\/\/hotpink-bear-438615.hostingersite.com\/\",\"logo\":{\"@type\":\"ImageObject\",\"inLanguage\":\"fr-FR\",\"@id\":\"https:\/\/hotpink-bear-438615.hostingersite.com\/#\/schema\/logo\/image\/\",\"url\":\"https:\/\/florageronti.com\/wp-content\/uploads\/2025\/11\/Logo-flora-geronti-Black.png\",\"contentUrl\":\"https:\/\/florageronti.com\/wp-content\/uploads\/2025\/11\/Logo-flora-geronti-Black.png\",\"width\":300,\"height\":64,\"caption\":\"Official Web Site of Flora geronti\"},\"image\":{\"@id\":\"https:\/\/hotpink-bear-438615.hostingersite.com\/#\/schema\/logo\/image\/\"},\"sameAs\":[\"https:\/\/www.facebook.com\/floragerontisifnos\",\"https:\/\/x.com\/Instagram\",\"https:\/\/www.instagram.com\/guesthouse_flora_geronti\/\"]}]}<\/script>\n<!-- \/ Yoast SEO plugin. -->","yoast_head_json":{"title":"Privacy Policy - Official Web Site of Flora geronti","robots":{"index":"index","follow":"follow","max-snippet":"max-snippet:-1","max-image-preview":"max-image-preview:large","max-video-preview":"max-video-preview:-1"},"canonical":"https:\/\/hotpink-bear-438615.hostingersite.com\/privacy-policy-2\/","og_locale":"fr_FR","og_type":"article","og_title":"Privacy Policy - Official Web Site of Flora geronti","og_description":"Who we are Our website address is: https:\/\/florageronti.com. Comments When visitors leave comments on the site we collect the data shown in the comments form, and also the visitor\u2019s IP address and browser user agent string to help spam detection. An anonymized string created from your email address (also called a hash) may be provided [&hellip;]","og_url":"https:\/\/hotpink-bear-438615.hostingersite.com\/privacy-policy-2\/","og_site_name":"Official Web Site of Flora geronti","article_publisher":"https:\/\/www.facebook.com\/floragerontisifnos","article_modified_time":"2025-11-25T10:53:57+00:00","og_image":[{"width":1920,"height":1280,"url":"https:\/\/florageronti.com\/wp-content\/uploads\/2025\/11\/DSC01856.jpg","type":"image\/jpeg"}],"twitter_card":"summary_large_image","twitter_site":"@Instagram","twitter_misc":{"Dur\u00e9e de lecture estim\u00e9e":"3 minutes"},"schema":{"@context":"https:\/\/schema.org","@graph":[{"@type":"WebPage","@id":"https:\/\/hotpink-bear-438615.hostingersite.com\/privacy-policy-2\/","url":"https:\/\/hotpink-bear-438615.hostingersite.com\/privacy-policy-2\/","name":"Privacy Policy - Official Web Site of Flora geronti","isPartOf":{"@id":"https:\/\/hotpink-bear-438615.hostingersite.com\/#website"},"datePublished":"2025-11-02T10:02:53+00:00","dateModified":"2025-11-25T10:53:57+00:00","breadcrumb":{"@id":"https:\/\/hotpink-bear-438615.hostingersite.com\/privacy-policy-2\/#breadcrumb"},"inLanguage":"fr-FR","potentialAction":[{"@type":"ReadAction","target":["https:\/\/hotpink-bear-438615.hostingersite.com\/privacy-policy-2\/"]}]},{"@type":"BreadcrumbList","@id":"https:\/\/hotpink-bear-438615.hostingersite.com\/privacy-policy-2\/#breadcrumb","itemListElement":[{"@type":"ListItem","position":1,"name":"Home","item":"https:\/\/florageronti.com\/"},{"@type":"ListItem","position":2,"name":"Privacy Policy"}]},{"@type":"WebSite","@id":"https:\/\/hotpink-bear-438615.hostingersite.com\/#website","url":"https:\/\/hotpink-bear-438615.hostingersite.com\/","name":"https:\/\/florageronti.com\/wp-content\/uploads\/2025\/11\/Logo-flora-geronti-White-1.png.webp","description":"Hotel Sifnos","publisher":{"@id":"https:\/\/hotpink-bear-438615.hostingersite.com\/#organization"},"alternateName":"Hotel Sifnos","potentialAction":[{"@type":"SearchAction","target":{"@type":"EntryPoint","urlTemplate":"https:\/\/hotpink-bear-438615.hostingersite.com\/?s={search_term_string}"},"query-input":{"@type":"PropertyValueSpecification","valueRequired":true,"valueName":"search_term_string"}}],"inLanguage":"fr-FR"},{"@type":"Organization","@id":"https:\/\/hotpink-bear-438615.hostingersite.com\/#organization","name":"https:\/\/florageronti.com\/wp-content\/uploads\/2025\/11\/Logo-flora-geronti-White-1.png.webp","alternateName":"Flora geronti Sifnos","url":"https:\/\/hotpink-bear-438615.hostingersite.com\/","logo":{"@type":"ImageObject","inLanguage":"fr-FR","@id":"https:\/\/hotpink-bear-438615.hostingersite.com\/#\/schema\/logo\/image\/","url":"https:\/\/florageronti.com\/wp-content\/uploads\/2025\/11\/Logo-flora-geronti-Black.png","contentUrl":"https:\/\/florageronti.com\/wp-content\/uploads\/2025\/11\/Logo-flora-geronti-Black.png","width":300,"height":64,"caption":"Official Web Site of Flora geronti"},"image":{"@id":"https:\/\/hotpink-bear-438615.hostingersite.com\/#\/schema\/logo\/image\/"},"sameAs":["https:\/\/www.facebook.com\/floragerontisifnos","https:\/\/x.com\/Instagram","https:\/\/www.instagram.com\/guesthouse_flora_geronti\/"]}]}},"_links":{"self":[{"href":"https:\/\/florageronti.com\/fr\/wp-json\/wp\/v2\/pages\/3","targetHints":{"allow":["GET"]}}],"collection":[{"href":"https:\/\/florageronti.com\/fr\/wp-json\/wp\/v2\/pages"}],"about":[{"href":"https:\/\/florageronti.com\/fr\/wp-json\/wp\/v2\/types\/page"}],"author":[{"embeddable":true,"href":"https:\/\/florageronti.com\/fr\/wp-json\/wp\/v2\/users\/1"}],"replies":[{"embeddable":true,"href":"https:\/\/florageronti.com\/fr\/wp-json\/wp\/v2\/comments?post=3"}],"version-history":[{"count":0,"href":"https:\/\/florageronti.com\/fr\/wp-json\/wp\/v2\/pages\/3\/revisions"}],"wp:attachment":[{"href":"https:\/\/florageronti.com\/fr\/wp-json\/wp\/v2\/media?parent=3"}],"curies":[{"name":"wp","href":"https:\/\/api.w.org\/{rel}","templated":true}]}}